{"id":85,"date":"2014-06-14T00:10:32","date_gmt":"2014-06-13T22:10:32","guid":{"rendered":"http:\/\/www.wababbel.de\/christine\/?page_id=85"},"modified":"2014-06-14T23:45:23","modified_gmt":"2014-06-14T21:45:23","slug":"was-dieser-blog-will","status":"publish","type":"page","link":"https:\/\/fringillallala.wababbel.de\/?page_id=85","title":{"rendered":"Fringillallala"},"content":{"rendered":"<p>Was dieser Blog will, weiss ich noch nicht. Es wird sich zeigen. Vielleicht. Denn:<\/p>\n<p>Einen neuen Blog starten? Bei wababbel mitmachen? Zweifelnd, unschl\u00fcssig, z\u00f6gere ich. Das Internet ist voll von Blogs, Facebookseiten, Twitter, News, YouTube Videos, Fotoseiten,  Anzeigen und was noch alles. Habe ich dem irgend etwas hinzuzuf\u00fcgen? Ist mir doch selber alles schon viel zu viel an \u00fcberw\u00e4ltigend un\u00fcbersichtlicher, unn\u00f6tiger Information dort.<\/p>\n<p>Dann hocke ich draussen im Garten und h\u00f6re und schaue den Buchfinken und anderen V\u00f6geln zu. Was, wenn sie alle auch so z\u00f6gern w\u00fcrden wie ich? Fragen nach dem Sinn ihres individuellen Gesanges, ihrer Lyrik, ihres eigenen Librettos stellen w\u00fcrden? Sie w\u00fcrden vielleicht gar das Fliegen aufgeben?<br \/>\nAber keiner von ihnen l\u00e4sst sich durch die vielen anderen um sich herum abhalten, zu singen, und ich bin mir sicher, es macht jedem von ihnen Spass. Und beschliesse, es ihnen gleich zu tun. <a href=\"http:\/\/www.wababbel.de\/\">Hier<\/a>.<\/p>\n<p>M\u00f6ge also, wer bei mir mitliest, machen damit, was er\/sie kann und will.<br \/>\nDanke daf\u00fcr!<\/p>\n","protected":false},"excerpt":{"rendered":"<p>Was dieser Blog will, weiss ich noch nicht. Es wird sich zeigen. Vielleicht. Denn: Einen neuen Blog starten? Bei wababbel mitmachen? Zweifelnd, unschl\u00fcssig, z\u00f6gere ich. Das Internet ist voll von Blogs, Facebookseiten, Twitter, News, YouTube Videos, Fotoseiten, Anzeigen und was noch alles. Habe ich dem irgend etwas hinzuzuf\u00fcgen? Ist mir doch selber alles schon viel &hellip; <a href=\"https:\/\/fringillallala.wababbel.de\/?page_id=85\" class=\"more-link\"><span class=\"screen-reader-text\">Fringillallala<\/span> weiterlesen<\/a><\/p>\n","protected":false},"author":24,"featured_media":0,"parent":0,"menu_order":0,"comment_status":"open","ping_status":"open","template":"","meta":{"footnotes":""},"class_list":["post-85","page","type-page","status-publish","hentry"],"_links":{"self":[{"href":"https:\/\/fringillallala.wababbel.de\/index.php?rest_route=\/wp\/v2\/pages\/85","targetHints":{"allow":["GET"]}}],"collection":[{"href":"https:\/\/fringillallala.wababbel.de\/index.php?rest_route=\/wp\/v2\/pages"}],"about":[{"href":"https:\/\/fringillallala.wababbel.de\/index.php?rest_route=\/wp\/v2\/types\/page"}],"author":[{"embeddable":true,"href":"https:\/\/fringillallala.wababbel.de\/index.php?rest_route=\/wp\/v2\/users\/24"}],"replies":[{"embeddable":true,"href":"https:\/\/fringillallala.wababbel.de\/index.php?rest_route=%2Fwp%2Fv2%2Fcomments&post=85"}],"version-history":[{"count":9,"href":"https:\/\/fringillallala.wababbel.de\/index.php?rest_route=\/wp\/v2\/pages\/85\/revisions"}],"predecessor-version":[{"id":107,"href":"https:\/\/fringillallala.wababbel.de\/index.php?rest_route=\/wp\/v2\/pages\/85\/revisions\/107"}],"wp:attachment":[{"href":"https:\/\/fringillallala.wababbel.de\/index.php?rest_route=%2Fwp%2Fv2%2Fmedia&parent=85"}],"curies":[{"name":"wp","href":"https:\/\/api.w.org\/{rel}","templated":true}]}}